{"id":45,"date":"2013-05-22T13:42:00","date_gmt":"2013-05-22T11:42:00","guid":{"rendered":"http:\/\/www.wp1165794.server-he.de\/wordpress\/?page_id=45"},"modified":"2023-10-27T18:03:48","modified_gmt":"2023-10-27T16:03:48","slug":"unterricht","status":"publish","type":"page","link":"https:\/\/jpgit.de\/?page_id=45","title":{"rendered":"Unterricht"},"content":{"rendered":"<p>Unterricht f\u00fcr akustische und elektrische Gitarre<br \/>\nIch biete Dir<\/p>\n<ol>\n<li>ein individuell abgestimmtes Unterrichtskonzept f\u00fcr Anf\u00e4nger und Fortgeschrittene<br \/>\n1.1 Fortgeschrittene: Zum Beispiel moderner Fingerstyle, Tapping, Sweeping, Hybrid<br \/>\nPicking, Legato, Improvisation, Intonation<\/li>\n<li>Einzel- als auch Gruppenunterricht<\/li>\n<li>kostenlose Probestunde<\/li>\n<li>Hausbesuche im Raum Saarbr\u00fccken sind m\u00f6glich<\/li>\n<li>modernes Equipment<\/li>\n<li>kostenloses Unterrichtsmaterial (analog wie digital)<\/li>\n<li>Instrumentenverleih<\/li>\n<li>Online Unterricht \u00fcber Skype o.\u00e4.<\/li>\n<li>Beratung beim Gitarrenkauf<\/li>\n<\/ol>\n<p>Unterricht soll Spa\u00df machen! Darum ist es wichtig, auf den Sch\u00fcler einzugehen, seine musikalische Pers\u00f6nlichkeit zu erkennen und zu f\u00f6rdern. Selbstverst\u00e4ndlich ist es sinnvoll, Noten zu lernen, das Geh\u00f6r zu schulen, ein Bewusstsein f\u00fcr die richtige Haltung und eine gute Technik zu entwickeln &#8211; genauso wichtig ist es aber auch, auf den Pfaden der eigenen Idole zu wandeln und die Magie ihrer Musik zu entschl\u00fcsseln. Es ist Teil meines Unterrichts, mit den Sch\u00fclern St\u00fccke ihrer Wahl umzusetzen, je nach Wissensstand. Dabei gehen wir Herausforderungen nicht aus dem Weg &#8211; denn wie schon das alte Sprichwort sagt: Man w\u00e4chst mit seinen Aufgaben!<\/p>\n<p>Ziel meines Unterrichts ist es, dem Sch\u00fcler Musik als Ganzes (be)greifbar zu machen, Stil \u00fcbergreifend und unabh\u00e4ngig von aktuellen Trends.<\/p>\n","protected":false},"excerpt":{"rendered":"<p>Unterricht f\u00fcr akustische und elektrische Gitarre Ich biete Dir ein individuell abgestimmtes Unterrichtskonzept f\u00fcr Anf\u00e4nger und Fortgeschrittene 1.1 Fortgeschrittene: Zum Beispiel moderner Fingerstyle, Tapping, Sweeping, Hybrid Picking, Legato, Improvisation, Intonation Einzel- als auch Gruppenunterricht kostenlose Probestunde Hausbesuche im Raum Saarbr\u00fccken &hellip; <a href=\"https:\/\/jpgit.de\/?page_id=45\">Weiterlesen <span class=\"meta-nav\">&rarr;<\/span><\/a><\/p>\n","protected":false},"author":1,"featured_media":0,"parent":0,"menu_order":0,"comment_status":"closed","ping_status":"open","template":"sidebar-page.php","meta":{"footnotes":""},"class_list":["post-45","page","type-page","status-publish","hentry"],"_links":{"self":[{"href":"https:\/\/jpgit.de\/index.php?rest_route=\/wp\/v2\/pages\/45","targetHints":{"allow":["GET"]}}],"collection":[{"href":"https:\/\/jpgit.de\/index.php?rest_route=\/wp\/v2\/pages"}],"about":[{"href":"https:\/\/jpgit.de\/index.php?rest_route=\/wp\/v2\/types\/page"}],"author":[{"embeddable":true,"href":"https:\/\/jpgit.de\/index.php?rest_route=\/wp\/v2\/users\/1"}],"replies":[{"embeddable":true,"href":"https:\/\/jpgit.de\/index.php?rest_route=%2Fwp%2Fv2%2Fcomments&post=45"}],"version-history":[{"count":11,"href":"https:\/\/jpgit.de\/index.php?rest_route=\/wp\/v2\/pages\/45\/revisions"}],"predecessor-version":[{"id":761,"href":"https:\/\/jpgit.de\/index.php?rest_route=\/wp\/v2\/pages\/45\/revisions\/761"}],"wp:attachment":[{"href":"https:\/\/jpgit.de\/index.php?rest_route=%2Fwp%2Fv2%2Fmedia&parent=45"}],"curies":[{"name":"wp","href":"https:\/\/api.w.org\/{rel}","templated":true}]}}