{"id":43,"date":"2013-05-22T13:41:36","date_gmt":"2013-05-22T11:41:36","guid":{"rendered":"http:\/\/www.wp1165794.server-he.de\/wordpress\/?page_id=43"},"modified":"2023-10-29T11:48:26","modified_gmt":"2023-10-29T09:48:26","slug":"profil-uber-mich","status":"publish","type":"page","link":"https:\/\/jpgit.de\/?page_id=43","title":{"rendered":"Profil (\u00fcber mich)"},"content":{"rendered":"\n<p><strong><em>&#8222;Elektrisch oder akustisch&#8230;Hauptsache Gitarre!&#8220;<\/em><\/strong><\/p>\n\n\n<div class=\"wp-block-image\">\n<figure class=\"alignright\"><a href=\"http:\/\/www.wp1165794.server-he.de\/wordpress\/wp-content\/uploads\/2013\/05\/DSC05782.jpg\"><img loading=\"lazy\" decoding=\"async\" width=\"242\" height=\"300\" src=\"http:\/\/www.wp1165794.server-he.de\/wordpress\/wp-content\/uploads\/2013\/05\/DSC05782-242x300.jpg\" alt=\"DSC05782\" class=\"wp-image-92\" srcset=\"https:\/\/jpgit.de\/wp-content\/uploads\/2013\/05\/DSC05782-242x300.jpg 242w, https:\/\/jpgit.de\/wp-content\/uploads\/2013\/05\/DSC05782.jpg 390w\" sizes=\"auto, (max-width: 242px) 100vw, 242px\" \/><\/a><\/figure>\n<\/div>\n\n\n<p>Ich bin Jahrgang 1969 und spiele seit ca. 40 Jahren sowohl elektrische als auch akustische Gitarre. Von Beginn an habe ich mich an Gitarristen wie Steve Hackett (Genesis), Steve Howe (Yes, Asia), Steve Morse (u. a. Deep Purple) und Pat Metheny orientiert, die mit beiden Instrumenten jeweils ihren charakteristischen Sound entwickelt haben. Diese Zweigleisigkeit&nbsp; f\u00f6rdert meine Kreativit\u00e4t beim Spielen und Komponieren von unterschiedlicher und abwechslungsreicher Musik.<br>Die pr\u00e4gendsten Impulse meiner gitarristischen Entwicklung erhielt ich aus erster Hand bei Workshops und Masterclasses mit internationalen Spitzengitarristen wie Frank Gambale, John Petrucci, Don Ross, Thorsten de Winkel und Marcus Deml.<\/p>\n\n\n\n<p>Mit beiden Instrumenten konnte ich im Laufe der Jahre im In- und Ausland Musik spielen.<\/p>\n\n\n\n<p><strong>Einige Stationen:<\/strong><\/p>\n\n\n\n<ul class=\"wp-block-list\">\n<li>Wallflower (Rock)<\/li>\n\n\n\n<li>Exploding Giants (Rock)<\/li>\n\n\n\n<li>Begleitband f\u00fcr den Gospel Chor Saarbr\u00fccken (Projekt Missa Gaia)<\/li>\n\n\n\n<li>(shield) u.a. Support f\u00fcr &#8222;The Musical Box&#8220; 2008 in Br\u00fcssel <a href=\"https:\/\/www.cirqueroyalbruxelles.be\/\">Cirque Royal<\/a> (Akustik)<\/li>\n<\/ul>\n\n\n\n<figure class=\"wp-block-embed is-type-video is-provider-youtube wp-block-embed-youtube wp-embed-aspect-4-3 wp-has-aspect-ratio\"><div class=\"wp-block-embed__wrapper\">\n<iframe loading=\"lazy\" title=\"(Shield) - Whale - supporting The Musical Box (Brussels 2008)\" width=\"584\" height=\"438\" src=\"https:\/\/www.youtube.com\/embed\/M00dtXRZFDQ?feature=oembed\" frameborder=\"0\" allow=\"accelerometer; autoplay; clipboard-write; encrypted-media; gyroscope; picture-in-picture; web-share\" referrerpolicy=\"strict-origin-when-cross-origin\" allowfullscreen><\/iframe>\n<\/div><\/figure>\n\n\n\n<ul class=\"wp-block-list\">\n<li>Sonnenallee (musikalische Bearbeitung Theaterst\u00fcck Sparte 4)<\/li>\n\n\n\n<li>TonSpurenSuche (Literatur-Musik-Film-Projekt)<\/li>\n<\/ul>\n\n\n\n<figure class=\"wp-block-embed is-type-rich is-provider-soundcloud wp-block-embed-soundcloud\"><div class=\"wp-block-embed__wrapper\">\n<iframe loading=\"lazy\" title=\"Streben nach vorne by Jens P\u00f6rschmann\" width=\"584\" height=\"400\" scrolling=\"no\" frameborder=\"no\" src=\"https:\/\/w.soundcloud.com\/player\/?visual=true&#038;url=https%3A%2F%2Fapi.soundcloud.com%2Ftracks%2F99087950&#038;show_artwork=true&#038;maxheight=876&#038;maxwidth=584\"><\/iframe>\n<\/div><\/figure>\n\n\n\n<ul class=\"wp-block-list\">\n<li>The Janus Project (elektrisch)<\/li>\n<\/ul>\n\n\n\n<figure class=\"wp-block-embed is-type-rich is-provider-soundcloud wp-block-embed-soundcloud\"><div class=\"wp-block-embed__wrapper\">\n<iframe loading=\"lazy\" title=\"The Janus Suite by Jens P\u00f6rschmann\" width=\"584\" height=\"400\" scrolling=\"no\" frameborder=\"no\" src=\"https:\/\/w.soundcloud.com\/player\/?visual=true&#038;url=https%3A%2F%2Fapi.soundcloud.com%2Ftracks%2F103226857&#038;show_artwork=true&#038;maxheight=876&#038;maxwidth=584\"><\/iframe>\n<\/div><\/figure>\n\n\n\n<ul class=\"wp-block-list\">\n<li>Coverband Creme 80 (akustisch)<\/li>\n\n\n\n<li>Coverband Les Freres contraires (akustisch)<\/li>\n\n\n\n<li>Coverband Cadiofunk (Disco-Funk-Jazz)<\/li>\n<\/ul>\n\n\n\n<ul class=\"wp-block-list\">\n<li>Coverband Rio Reiser Projekt<\/li>\n\n\n\n<li>Jens P\u00f6rschmann alias <a href=\"http:\/\/jpgit.de\/?page_id=118\">&#8218;Zweihandsegler&#8216;<\/a> (Solo-Fingerstyle Guitar)<\/li>\n\n\n\n<li>Pandemie-Sessions &#8218;Hoffmann &amp; P\u00f6rschmann&#8216; (elektrisch)<\/li>\n<\/ul>\n\n\n\n<figure class=\"wp-block-embed is-type-video is-provider-youtube wp-block-embed-youtube wp-embed-aspect-16-9 wp-has-aspect-ratio\"><div class=\"wp-block-embed__wrapper\">\n<iframe loading=\"lazy\" title=\"&quot;The New Orange&quot; by Christian  Bassmann  Hoffmann &amp; Jens  P\u00f6rschmann\" width=\"584\" height=\"329\" src=\"https:\/\/www.youtube.com\/embed\/IIfOwEpi3kk?feature=oembed\" frameborder=\"0\" allow=\"accelerometer; autoplay; clipboard-write; encrypted-media; gyroscope; picture-in-picture; web-share\" referrerpolicy=\"strict-origin-when-cross-origin\" allowfullscreen><\/iframe>\n<\/div><\/figure>\n\n\n\n<ul class=\"wp-block-list\">\n<li>akustische Gitarre-Begleitung f\u00fcr den <a href=\"https:\/\/www.pantomime-jomi.de\/artist\">Pantomime JOMI<\/a><\/li>\n<\/ul>\n\n\n\n<p>Ich gebe seit vielen Jahren Gitarrenunterricht, hauptberuflich seit 2008. Neben dem Privatunterricht und dem Unterrichten in Musikschulen habe ich Gruppenunterricht im Rahmen eines sozialen Projektes&nbsp; beim Internationalen Bund in Zweibr\u00fccken gehalten, ebenso beim Bund der Pfandfinder in Saarbr\u00fccken. F\u00fcr JUZ-United (Dachverband f\u00fcr selbstverwaltende Jugendzentren) habe ich eine Dozentent\u00e4tigkeit f\u00fcr Gitarrenworkshops \u00fcbernommen. Ebenso bin ich als Dozent bei der Volkshochschule Merchweiler f\u00fcr mehrere Gitarren-Kurse und Fingerstyle-Workshops verantwortlich.<\/p>\n","protected":false},"excerpt":{"rendered":"<p>&#8222;Elektrisch oder akustisch&#8230;Hauptsache Gitarre!&#8220; Ich bin Jahrgang 1969 und spiele seit ca. 40 Jahren sowohl elektrische als auch akustische Gitarre. Von Beginn an habe ich mich an Gitarristen wie Steve Hackett (Genesis), Steve Howe (Yes, Asia), Steve Morse (u. a. &hellip; <a href=\"https:\/\/jpgit.de\/?page_id=43\">Weiterlesen <span class=\"meta-nav\">&rarr;<\/span><\/a><\/p>\n","protected":false},"author":1,"featured_media":0,"parent":0,"menu_order":0,"comment_status":"closed","ping_status":"open","template":"sidebar-page.php","meta":{"footnotes":""},"class_list":["post-43","page","type-page","status-publish","hentry"],"_links":{"self":[{"href":"https:\/\/jpgit.de\/index.php?rest_route=\/wp\/v2\/pages\/43","targetHints":{"allow":["GET"]}}],"collection":[{"href":"https:\/\/jpgit.de\/index.php?rest_route=\/wp\/v2\/pages"}],"about":[{"href":"https:\/\/jpgit.de\/index.php?rest_route=\/wp\/v2\/types\/page"}],"author":[{"embeddable":true,"href":"https:\/\/jpgit.de\/index.php?rest_route=\/wp\/v2\/users\/1"}],"replies":[{"embeddable":true,"href":"https:\/\/jpgit.de\/index.php?rest_route=%2Fwp%2Fv2%2Fcomments&post=43"}],"version-history":[{"count":21,"href":"https:\/\/jpgit.de\/index.php?rest_route=\/wp\/v2\/pages\/43\/revisions"}],"predecessor-version":[{"id":766,"href":"https:\/\/jpgit.de\/index.php?rest_route=\/wp\/v2\/pages\/43\/revisions\/766"}],"wp:attachment":[{"href":"https:\/\/jpgit.de\/index.php?rest_route=%2Fwp%2Fv2%2Fmedia&parent=43"}],"curies":[{"name":"wp","href":"https:\/\/api.w.org\/{rel}","templated":true}]}}